{"id":19,"date":"2022-02-08T19:16:30","date_gmt":"2022-02-08T18:16:30","guid":{"rendered":"http:\/\/erikknotek.sk\/?page_id=19"},"modified":"2022-02-08T19:29:46","modified_gmt":"2022-02-08T18:29:46","slug":"uvodna-stranka","status":"publish","type":"page","link":"https:\/\/erikknotek.sk\/","title":{"rendered":"\u00davodn\u00e1 str\u00e1nka"},"content":{"rendered":"\n<p class=\"has-text-align-center\">Na str\u00e1nke sa pracuje. Nov\u00fd web u\u017e \u010doskoro.<\/p>\n","protected":false},"excerpt":{"rendered":"<p>Na str\u00e1nke sa pracuje. Nov\u00fd web u\u017e \u010doskoro.<\/p>\n","protected":false},"author":1,"featured_media":0,"parent":0,"menu_order":0,"comment_status":"closed","ping_status":"closed","template":"","meta":{"_monsterinsights_skip_tracking":false,"_monsterinsights_sitenote_active":false,"_monsterinsights_sitenote_note":"","_monsterinsights_sitenote_category":0},"yoast_head":"<!-- This site is optimized with the Yoast SEO plugin v18.0 - https:\/\/yoast.com\/wordpress\/plugins\/seo\/ -->\n<title>\u00davodn\u00e1 str\u00e1nka - erikknotek.sk<\/title>\n<meta name=\"robots\" content=\"noindex, follow, max-snippet:-1, max-image-preview:large, max-video-preview:-1\" \/>\n<meta property=\"og:locale\" content=\"sk_SK\" \/>\n<meta property=\"og:type\" content=\"article\" \/>\n<meta property=\"og:title\" content=\"\u00davodn\u00e1 str\u00e1nka - erikknotek.sk\" \/>\n<meta property=\"og:description\" content=\"Na str\u00e1nke sa pracuje. Nov\u00fd web u\u017e \u010doskoro.\" \/>\n<meta property=\"og:url\" content=\"https:\/\/erikknotek.sk\/\" \/>\n<meta property=\"og:site_name\" content=\"erikknotek.sk\" \/>\n<meta property=\"article:modified_time\" content=\"2022-02-08T18:29:46+00:00\" \/>\n<meta name=\"twitter:card\" content=\"summary_large_image\" \/>\n<meta name=\"twitter:label1\" content=\"Predpokladan\u00fd \u010das \u010d\u00edtania\" \/>\n\t<meta name=\"twitter:data1\" content=\"1 min\u00fata\" \/>\n<script type=\"application\/ld+json\" class=\"yoast-schema-graph\">{\"@context\":\"https:\/\/schema.org\",\"@graph\":[{\"@type\":\"WebSite\",\"@id\":\"https:\/\/erikknotek.sk\/#website\",\"url\":\"https:\/\/erikknotek.sk\/\",\"name\":\"erikknotek.sk\",\"description\":\"Len \u010fal\u0161ia WordPress str\u00e1nka\",\"potentialAction\":[{\"@type\":\"SearchAction\",\"target\":{\"@type\":\"EntryPoint\",\"urlTemplate\":\"https:\/\/erikknotek.sk\/?s={search_term_string}\"},\"query-input\":\"required name=search_term_string\"}],\"inLanguage\":\"sk-SK\"},{\"@type\":\"WebPage\",\"@id\":\"https:\/\/erikknotek.sk\/#webpage\",\"url\":\"https:\/\/erikknotek.sk\/\",\"name\":\"\u00davodn\u00e1 str\u00e1nka - erikknotek.sk\",\"isPartOf\":{\"@id\":\"https:\/\/erikknotek.sk\/#website\"},\"datePublished\":\"2022-02-08T18:16:30+00:00\",\"dateModified\":\"2022-02-08T18:29:46+00:00\",\"breadcrumb\":{\"@id\":\"https:\/\/erikknotek.sk\/#breadcrumb\"},\"inLanguage\":\"sk-SK\",\"potentialAction\":[{\"@type\":\"ReadAction\",\"target\":[\"https:\/\/erikknotek.sk\/\"]}]},{\"@type\":\"BreadcrumbList\",\"@id\":\"https:\/\/erikknotek.sk\/#breadcrumb\",\"itemListElement\":[{\"@type\":\"ListItem\",\"position\":1,\"name\":\"Home\",\"item\":\"https:\/\/erikknotek.sk\/\"},{\"@type\":\"ListItem\",\"position\":2,\"name\":\"\u00davodn\u00e1 str\u00e1nka\"}]}]}<\/script>\n<!-- \/ Yoast SEO plugin. -->","yoast_head_json":{"title":"\u00davodn\u00e1 str\u00e1nka - erikknotek.sk","robots":{"index":"noindex","follow":"follow","max-snippet":"max-snippet:-1","max-image-preview":"max-image-preview:large","max-video-preview":"max-video-preview:-1"},"og_locale":"sk_SK","og_type":"article","og_title":"\u00davodn\u00e1 str\u00e1nka - erikknotek.sk","og_description":"Na str\u00e1nke sa pracuje. Nov\u00fd web u\u017e \u010doskoro.","og_url":"https:\/\/erikknotek.sk\/","og_site_name":"erikknotek.sk","article_modified_time":"2022-02-08T18:29:46+00:00","twitter_card":"summary_large_image","twitter_misc":{"Predpokladan\u00fd \u010das \u010d\u00edtania":"1 min\u00fata"},"schema":{"@context":"https:\/\/schema.org","@graph":[{"@type":"WebSite","@id":"https:\/\/erikknotek.sk\/#website","url":"https:\/\/erikknotek.sk\/","name":"erikknotek.sk","description":"Len \u010fal\u0161ia WordPress str\u00e1nka","potentialAction":[{"@type":"SearchAction","target":{"@type":"EntryPoint","urlTemplate":"https:\/\/erikknotek.sk\/?s={search_term_string}"},"query-input":"required name=search_term_string"}],"inLanguage":"sk-SK"},{"@type":"WebPage","@id":"https:\/\/erikknotek.sk\/#webpage","url":"https:\/\/erikknotek.sk\/","name":"\u00davodn\u00e1 str\u00e1nka - erikknotek.sk","isPartOf":{"@id":"https:\/\/erikknotek.sk\/#website"},"datePublished":"2022-02-08T18:16:30+00:00","dateModified":"2022-02-08T18:29:46+00:00","breadcrumb":{"@id":"https:\/\/erikknotek.sk\/#breadcrumb"},"inLanguage":"sk-SK","potentialAction":[{"@type":"ReadAction","target":["https:\/\/erikknotek.sk\/"]}]},{"@type":"BreadcrumbList","@id":"https:\/\/erikknotek.sk\/#breadcrumb","itemListElement":[{"@type":"ListItem","position":1,"name":"Home","item":"https:\/\/erikknotek.sk\/"},{"@type":"ListItem","position":2,"name":"\u00davodn\u00e1 str\u00e1nka"}]}]}},"_links":{"self":[{"href":"https:\/\/erikknotek.sk\/index.php?rest_route=\/wp\/v2\/pages\/19"}],"collection":[{"href":"https:\/\/erikknotek.sk\/index.php?rest_route=\/wp\/v2\/pages"}],"about":[{"href":"https:\/\/erikknotek.sk\/index.php?rest_route=\/wp\/v2\/types\/page"}],"author":[{"embeddable":true,"href":"https:\/\/erikknotek.sk\/index.php?rest_route=\/wp\/v2\/users\/1"}],"replies":[{"embeddable":true,"href":"https:\/\/erikknotek.sk\/index.php?rest_route=%2Fwp%2Fv2%2Fcomments&post=19"}],"version-history":[{"count":2,"href":"https:\/\/erikknotek.sk\/index.php?rest_route=\/wp\/v2\/pages\/19\/revisions"}],"predecessor-version":[{"id":50,"href":"https:\/\/erikknotek.sk\/index.php?rest_route=\/wp\/v2\/pages\/19\/revisions\/50"}],"wp:attachment":[{"href":"https:\/\/erikknotek.sk\/index.php?rest_route=%2Fwp%2Fv2%2Fmedia&parent=19"}],"curies":[{"name":"wp","href":"https:\/\/api.w.org\/{rel}","templated":true}]}}